{"id":2527,"date":"2022-05-15T19:50:44","date_gmt":"2022-05-15T19:50:44","guid":{"rendered":"https:\/\/www.dubrovnik-republic.com\/wildwachsende-handverlesene-botanicals\/fleur-de-sale\/"},"modified":"2024-07-22T14:48:00","modified_gmt":"2024-07-22T14:48:00","slug":"fleur-de-sale","status":"publish","type":"page","link":"http:\/\/www.dubrovnik-republic.com\/de\/wildwachsende-handverlesene-botanicals\/fleur-de-sale\/","title":{"rendered":"Fleur de Sale"},"content":{"rendered":"\n<p>Unser Geschmacksmosaik wird durch eine Prise Fleur de Sale vervollst\u00e4ndigt, das durch die Verdunstung des adriatischen Meeres in den Salinen von Ston gewonnen wird. Sie wurden 167 v. Chr. unter r\u00f6mischer Herrschaft gegr\u00fcndet und geh\u00f6ren zu den \u00e4ltesten noch funktionierenden Salinen der Welt.&#013;\n<\/p>\n\n<p>Dieses Meersalz rundet unser Geschmacksprofil optimal ab und bringt vor allem die S\u00fc\u00dfe der Wacholderbeeren besonders zur Geltung.&#013;\n<\/p>\n","protected":false},"excerpt":{"rendered":"<p>Unser Geschmacksmosaik wird durch eine Prise Fleur de Sale vervollst\u00e4ndigt, das durch die Verdunstung des adriatischen Meeres in den Salinen von Ston gewonnen wird. Sie wurden 167 v. Chr. unter r\u00f6mischer Herrschaft gegr\u00fcndet und geh\u00f6ren zu den \u00e4ltesten noch funktionierenden Salinen der Welt.&#013; Dieses Meersalz rundet unser Geschmacksprofil optimal ab und bringt vor allem die [&hellip;]<\/p>\n","protected":false},"author":6,"featured_media":2458,"parent":2519,"menu_order":0,"comment_status":"closed","ping_status":"closed","template":"","meta":{"site-sidebar-layout":"default","site-content-layout":"","ast-site-content-layout":"default","site-content-style":"default","site-sidebar-style":"default","ast-global-header-display":"","ast-banner-title-visibility":"","ast-main-header-display":"","ast-hfb-above-header-display":"","ast-hfb-below-header-display":"","ast-hfb-mobile-header-display":"","site-post-title":"","ast-breadcrumbs-content":"","ast-featured-img":"","footer-sml-layout":"","theme-transparent-header-meta":"","adv-header-id-meta":"","stick-header-meta":"","header-above-stick-meta":"","header-main-stick-meta":"","header-below-stick-meta":"","astra-migrate-meta-layouts":"default","ast-page-background-enabled":"default","ast-page-background-meta":{"desktop":{"background-color":"var(--ast-global-color-4)","background-image":"","background-repeat":"repeat","background-position":"center center","background-size":"auto","background-attachment":"scroll","background-type":"","background-media":"","overlay-type":"","overlay-color":"","overlay-opacity":"","overlay-gradient":""},"tablet":{"background-color":"","background-image":"","background-repeat":"repeat","background-position":"center center","background-size":"auto","background-attachment":"scroll","background-type":"","background-media":"","overlay-type":"","overlay-color":"","overlay-opacity":"","overlay-gradient":""},"mobile":{"background-color":"","background-image":"","background-repeat":"repeat","background-position":"center center","background-size":"auto","background-attachment":"scroll","background-type":"","background-media":"","overlay-type":"","overlay-color":"","overlay-opacity":"","overlay-gradient":""}},"ast-content-background-meta":{"desktop":{"background-color":"var(--ast-global-color-5)","background-image":"","background-repeat":"repeat","background-position":"center center","background-size":"auto","background-attachment":"scroll","background-type":"","background-media":"","overlay-type":"","overlay-color":"","overlay-opacity":"","overlay-gradient":""},"tablet":{"background-color":"var(--ast-global-color-5)","background-image":"","background-repeat":"repeat","background-position":"center center","background-size":"auto","background-attachment":"scroll","background-type":"","background-media":"","overlay-type":"","overlay-color":"","overlay-opacity":"","overlay-gradient":""},"mobile":{"background-color":"var(--ast-global-color-5)","background-image":"","background-repeat":"repeat","background-position":"center center","background-size":"auto","background-attachment":"scroll","background-type":"","background-media":"","overlay-type":"","overlay-color":"","overlay-opacity":"","overlay-gradient":""}},"footnotes":""},"class_list":["post-2527","page","type-page","status-publish","has-post-thumbnail","hentry"],"acf":[],"yoast_head":"<!-- This site is optimized with the Yoast SEO plugin v25.5 - https:\/\/yoast.com\/wordpress\/plugins\/seo\/ -->\n<title>Fleur de Sale - Dubrovnik Republic - Dry Dalmatian Gin<\/title>\n<meta name=\"robots\" content=\"index, follow, max-snippet:-1, max-image-preview:large, max-video-preview:-1\" \/>\n<link rel=\"canonical\" href=\"http:\/\/www.dubrovnik-republic.com\/de\/wildwachsende-handverlesene-botanicals\/fleur-de-sale\/\" \/>\n<meta property=\"og:locale\" content=\"de_DE\" \/>\n<meta property=\"og:type\" content=\"article\" \/>\n<meta property=\"og:title\" content=\"Fleur de Sale - Dubrovnik Republic - Dry Dalmatian Gin\" \/>\n<meta property=\"og:description\" content=\"Unser Geschmacksmosaik wird durch eine Prise Fleur de Sale vervollst\u00e4ndigt, das durch die Verdunstung des adriatischen Meeres in den Salinen von Ston gewonnen wird. Sie wurden 167 v. Chr. unter r\u00f6mischer Herrschaft gegr\u00fcndet und geh\u00f6ren zu den \u00e4ltesten noch funktionierenden Salinen der Welt.&#013; Dieses Meersalz rundet unser Geschmacksprofil optimal ab und bringt vor allem die [&hellip;]\" \/>\n<meta property=\"og:url\" content=\"http:\/\/www.dubrovnik-republic.com\/de\/wildwachsende-handverlesene-botanicals\/fleur-de-sale\/\" \/>\n<meta property=\"og:site_name\" content=\"Dubrovnik Republic - Dry Dalmatian Gin\" \/>\n<meta property=\"article:modified_time\" content=\"2024-07-22T14:48:00+00:00\" \/>\n<meta name=\"twitter:card\" content=\"summary_large_image\" \/>\n<script type=\"application\/ld+json\" class=\"yoast-schema-graph\">{\"@context\":\"https:\/\/schema.org\",\"@graph\":[{\"@type\":\"WebPage\",\"@id\":\"http:\/\/www.dubrovnik-republic.com\/de\/wildwachsende-handverlesene-botanicals\/fleur-de-sale\/\",\"url\":\"http:\/\/www.dubrovnik-republic.com\/de\/wildwachsende-handverlesene-botanicals\/fleur-de-sale\/\",\"name\":\"Fleur de Sale - Dubrovnik Republic - Dry Dalmatian Gin\",\"isPartOf\":{\"@id\":\"http:\/\/www.dubrovnik-republic.com\/de\/#website\"},\"primaryImageOfPage\":{\"@id\":\"http:\/\/www.dubrovnik-republic.com\/de\/wildwachsende-handverlesene-botanicals\/fleur-de-sale\/#primaryimage\"},\"image\":{\"@id\":\"http:\/\/www.dubrovnik-republic.com\/de\/wildwachsende-handverlesene-botanicals\/fleur-de-sale\/#primaryimage\"},\"thumbnailUrl\":\"http:\/\/www.dubrovnik-republic.com\/wp-content\/uploads\/2022\/05\/juniper.svg\",\"datePublished\":\"2022-05-15T19:50:44+00:00\",\"dateModified\":\"2024-07-22T14:48:00+00:00\",\"breadcrumb\":{\"@id\":\"http:\/\/www.dubrovnik-republic.com\/de\/wildwachsende-handverlesene-botanicals\/fleur-de-sale\/#breadcrumb\"},\"inLanguage\":\"de\",\"potentialAction\":[{\"@type\":\"ReadAction\",\"target\":[\"http:\/\/www.dubrovnik-republic.com\/de\/wildwachsende-handverlesene-botanicals\/fleur-de-sale\/\"]}]},{\"@type\":\"ImageObject\",\"inLanguage\":\"de\",\"@id\":\"http:\/\/www.dubrovnik-republic.com\/de\/wildwachsende-handverlesene-botanicals\/fleur-de-sale\/#primaryimage\",\"url\":\"http:\/\/www.dubrovnik-republic.com\/wp-content\/uploads\/2022\/05\/juniper.svg\",\"contentUrl\":\"http:\/\/www.dubrovnik-republic.com\/wp-content\/uploads\/2022\/05\/juniper.svg\",\"width\":100,\"height\":100},{\"@type\":\"BreadcrumbList\",\"@id\":\"http:\/\/www.dubrovnik-republic.com\/de\/wildwachsende-handverlesene-botanicals\/fleur-de-sale\/#breadcrumb\",\"itemListElement\":[{\"@type\":\"ListItem\",\"position\":1,\"name\":\"Home\",\"item\":\"http:\/\/www.dubrovnik-republic.com\/de\/\"},{\"@type\":\"ListItem\",\"position\":2,\"name\":\"Wildwachsende, handverlesene botanicals\",\"item\":\"http:\/\/www.dubrovnik-republic.com\/de\/wildwachsende-handverlesene-botanicals\/\"},{\"@type\":\"ListItem\",\"position\":3,\"name\":\"Fleur de Sale\"}]},{\"@type\":\"WebSite\",\"@id\":\"http:\/\/www.dubrovnik-republic.com\/de\/#website\",\"url\":\"http:\/\/www.dubrovnik-republic.com\/de\/\",\"name\":\"Dubrovnik Republic - Dry Dalmatian Gin\",\"description\":\"Taste Dalmatia in every sip\",\"publisher\":{\"@id\":\"http:\/\/www.dubrovnik-republic.com\/de\/#organization\"},\"potentialAction\":[{\"@type\":\"SearchAction\",\"target\":{\"@type\":\"EntryPoint\",\"urlTemplate\":\"http:\/\/www.dubrovnik-republic.com\/de\/?s={search_term_string}\"},\"query-input\":{\"@type\":\"PropertyValueSpecification\",\"valueRequired\":true,\"valueName\":\"search_term_string\"}}],\"inLanguage\":\"de\"},{\"@type\":\"Organization\",\"@id\":\"http:\/\/www.dubrovnik-republic.com\/de\/#organization\",\"name\":\"Dubrovnik Republic - Dry Dalmatian Gin\",\"url\":\"http:\/\/www.dubrovnik-republic.com\/de\/\",\"logo\":{\"@type\":\"ImageObject\",\"inLanguage\":\"de\",\"@id\":\"http:\/\/www.dubrovnik-republic.com\/de\/#\/schema\/logo\/image\/\",\"url\":\"http:\/\/www.dubrovnik-republic.com\/wp-content\/uploads\/2022\/03\/logo-text-vertical-1.svg\",\"contentUrl\":\"http:\/\/www.dubrovnik-republic.com\/wp-content\/uploads\/2022\/03\/logo-text-vertical-1.svg\",\"width\":100,\"height\":100,\"caption\":\"Dubrovnik Republic - Dry Dalmatian Gin\"},\"image\":{\"@id\":\"http:\/\/www.dubrovnik-republic.com\/de\/#\/schema\/logo\/image\/\"}}]}<\/script>\n<!-- \/ Yoast SEO plugin. -->","yoast_head_json":{"title":"Fleur de Sale - Dubrovnik Republic - Dry Dalmatian Gin","robots":{"index":"index","follow":"follow","max-snippet":"max-snippet:-1","max-image-preview":"max-image-preview:large","max-video-preview":"max-video-preview:-1"},"canonical":"http:\/\/www.dubrovnik-republic.com\/de\/wildwachsende-handverlesene-botanicals\/fleur-de-sale\/","og_locale":"de_DE","og_type":"article","og_title":"Fleur de Sale - Dubrovnik Republic - Dry Dalmatian Gin","og_description":"Unser Geschmacksmosaik wird durch eine Prise Fleur de Sale vervollst\u00e4ndigt, das durch die Verdunstung des adriatischen Meeres in den Salinen von Ston gewonnen wird. Sie wurden 167 v. Chr. unter r\u00f6mischer Herrschaft gegr\u00fcndet und geh\u00f6ren zu den \u00e4ltesten noch funktionierenden Salinen der Welt.&#013; Dieses Meersalz rundet unser Geschmacksprofil optimal ab und bringt vor allem die [&hellip;]","og_url":"http:\/\/www.dubrovnik-republic.com\/de\/wildwachsende-handverlesene-botanicals\/fleur-de-sale\/","og_site_name":"Dubrovnik Republic - Dry Dalmatian Gin","article_modified_time":"2024-07-22T14:48:00+00:00","twitter_card":"summary_large_image","schema":{"@context":"https:\/\/schema.org","@graph":[{"@type":"WebPage","@id":"http:\/\/www.dubrovnik-republic.com\/de\/wildwachsende-handverlesene-botanicals\/fleur-de-sale\/","url":"http:\/\/www.dubrovnik-republic.com\/de\/wildwachsende-handverlesene-botanicals\/fleur-de-sale\/","name":"Fleur de Sale - Dubrovnik Republic - Dry Dalmatian Gin","isPartOf":{"@id":"http:\/\/www.dubrovnik-republic.com\/de\/#website"},"primaryImageOfPage":{"@id":"http:\/\/www.dubrovnik-republic.com\/de\/wildwachsende-handverlesene-botanicals\/fleur-de-sale\/#primaryimage"},"image":{"@id":"http:\/\/www.dubrovnik-republic.com\/de\/wildwachsende-handverlesene-botanicals\/fleur-de-sale\/#primaryimage"},"thumbnailUrl":"http:\/\/www.dubrovnik-republic.com\/wp-content\/uploads\/2022\/05\/juniper.svg","datePublished":"2022-05-15T19:50:44+00:00","dateModified":"2024-07-22T14:48:00+00:00","breadcrumb":{"@id":"http:\/\/www.dubrovnik-republic.com\/de\/wildwachsende-handverlesene-botanicals\/fleur-de-sale\/#breadcrumb"},"inLanguage":"de","potentialAction":[{"@type":"ReadAction","target":["http:\/\/www.dubrovnik-republic.com\/de\/wildwachsende-handverlesene-botanicals\/fleur-de-sale\/"]}]},{"@type":"ImageObject","inLanguage":"de","@id":"http:\/\/www.dubrovnik-republic.com\/de\/wildwachsende-handverlesene-botanicals\/fleur-de-sale\/#primaryimage","url":"http:\/\/www.dubrovnik-republic.com\/wp-content\/uploads\/2022\/05\/juniper.svg","contentUrl":"http:\/\/www.dubrovnik-republic.com\/wp-content\/uploads\/2022\/05\/juniper.svg","width":100,"height":100},{"@type":"BreadcrumbList","@id":"http:\/\/www.dubrovnik-republic.com\/de\/wildwachsende-handverlesene-botanicals\/fleur-de-sale\/#breadcrumb","itemListElement":[{"@type":"ListItem","position":1,"name":"Home","item":"http:\/\/www.dubrovnik-republic.com\/de\/"},{"@type":"ListItem","position":2,"name":"Wildwachsende, handverlesene botanicals","item":"http:\/\/www.dubrovnik-republic.com\/de\/wildwachsende-handverlesene-botanicals\/"},{"@type":"ListItem","position":3,"name":"Fleur de Sale"}]},{"@type":"WebSite","@id":"http:\/\/www.dubrovnik-republic.com\/de\/#website","url":"http:\/\/www.dubrovnik-republic.com\/de\/","name":"Dubrovnik Republic - Dry Dalmatian Gin","description":"Taste Dalmatia in every sip","publisher":{"@id":"http:\/\/www.dubrovnik-republic.com\/de\/#organization"},"potentialAction":[{"@type":"SearchAction","target":{"@type":"EntryPoint","urlTemplate":"http:\/\/www.dubrovnik-republic.com\/de\/?s={search_term_string}"},"query-input":{"@type":"PropertyValueSpecification","valueRequired":true,"valueName":"search_term_string"}}],"inLanguage":"de"},{"@type":"Organization","@id":"http:\/\/www.dubrovnik-republic.com\/de\/#organization","name":"Dubrovnik Republic - Dry Dalmatian Gin","url":"http:\/\/www.dubrovnik-republic.com\/de\/","logo":{"@type":"ImageObject","inLanguage":"de","@id":"http:\/\/www.dubrovnik-republic.com\/de\/#\/schema\/logo\/image\/","url":"http:\/\/www.dubrovnik-republic.com\/wp-content\/uploads\/2022\/03\/logo-text-vertical-1.svg","contentUrl":"http:\/\/www.dubrovnik-republic.com\/wp-content\/uploads\/2022\/03\/logo-text-vertical-1.svg","width":100,"height":100,"caption":"Dubrovnik Republic - Dry Dalmatian Gin"},"image":{"@id":"http:\/\/www.dubrovnik-republic.com\/de\/#\/schema\/logo\/image\/"}}]}},"_links":{"self":[{"href":"http:\/\/www.dubrovnik-republic.com\/de\/wp-json\/wp\/v2\/pages\/2527","targetHints":{"allow":["GET"]}}],"collection":[{"href":"http:\/\/www.dubrovnik-republic.com\/de\/wp-json\/wp\/v2\/pages"}],"about":[{"href":"http:\/\/www.dubrovnik-republic.com\/de\/wp-json\/wp\/v2\/types\/page"}],"author":[{"embeddable":true,"href":"http:\/\/www.dubrovnik-republic.com\/de\/wp-json\/wp\/v2\/users\/6"}],"replies":[{"embeddable":true,"href":"http:\/\/www.dubrovnik-republic.com\/de\/wp-json\/wp\/v2\/comments?post=2527"}],"version-history":[{"count":2,"href":"http:\/\/www.dubrovnik-republic.com\/de\/wp-json\/wp\/v2\/pages\/2527\/revisions"}],"predecessor-version":[{"id":3688,"href":"http:\/\/www.dubrovnik-republic.com\/de\/wp-json\/wp\/v2\/pages\/2527\/revisions\/3688"}],"up":[{"embeddable":true,"href":"http:\/\/www.dubrovnik-republic.com\/de\/wp-json\/wp\/v2\/pages\/2519"}],"wp:featuredmedia":[{"embeddable":true,"href":"http:\/\/www.dubrovnik-republic.com\/de\/wp-json\/wp\/v2\/media\/2458"}],"wp:attachment":[{"href":"http:\/\/www.dubrovnik-republic.com\/de\/wp-json\/wp\/v2\/media?parent=2527"}],"curies":[{"name":"wp","href":"https:\/\/api.w.org\/{rel}","templated":true}]}}