{"id":2712,"date":"2022-05-15T19:50:02","date_gmt":"2022-05-15T19:50:02","guid":{"rendered":"https:\/\/www.dubrovnik-republic.com\/divlje-rucno-ubrano-bilje\/smilje-helichrysum-italicum\/"},"modified":"2024-07-22T14:59:25","modified_gmt":"2024-07-22T14:59:25","slug":"smilje-helichrysum-italicum","status":"publish","type":"page","link":"http:\/\/www.dubrovnik-republic.com\/hr\/blog\/smilje-helichrysum-italicum\/","title":{"rendered":"Smilje (Helichrysum italicum)"},"content":{"rendered":"\n<p>Ova mala biljka nekako uspijeva niknuti u najnepovoljnijim, kr\u0161kim i vru\u0107im dijelovima Dalmacije. Njeni mali cvjetovi ostaju \u017euti \u010dak i nakon su\u0161enja, te zadr\u017eavaju slamastu, cvjetnu slatko\u0107u mirisa, uz dodatak meda, \u010daja, ru\u017ee i kamilice. Zbog svojih regenerativnih svojstava, u najstarijoj dubrova\u010dkoj ljekarni i danas ju se koristi za proizvodnju ljekovitih masti i krema.&#013;\n<\/p>\n\n<p>U na\u0161em d\u017einu slatkasti okus smilja stapa se s drugim notama, griju\u0107i ih poput na\u0161eg ju\u017enog vjetra \u2013 juga \u2013 u toploj ljetnoj no\u0107i. &#013;\n<\/p>\n","protected":false},"excerpt":{"rendered":"<p>Ova mala biljka nekako uspijeva niknuti u najnepovoljnijim, kr\u0161kim i vru\u0107im dijelovima Dalmacije. Njeni mali cvjetovi ostaju \u017euti \u010dak i nakon su\u0161enja, te zadr\u017eavaju slamastu, cvjetnu slatko\u0107u mirisa, uz dodatak meda, \u010daja, ru\u017ee i kamilice. Zbog svojih regenerativnih svojstava, u najstarijoj dubrova\u010dkoj ljekarni i danas ju se koristi za proizvodnju ljekovitih masti i krema.&#013; U [&hellip;]<\/p>\n","protected":false},"author":6,"featured_media":2639,"parent":2706,"menu_order":0,"comment_status":"closed","ping_status":"closed","template":"","meta":{"site-sidebar-layout":"default","site-content-layout":"","ast-site-content-layout":"default","site-content-style":"default","site-sidebar-style":"default","ast-global-header-display":"","ast-banner-title-visibility":"","ast-main-header-display":"","ast-hfb-above-header-display":"","ast-hfb-below-header-display":"","ast-hfb-mobile-header-display":"","site-post-title":"","ast-breadcrumbs-content":"","ast-featured-img":"","footer-sml-layout":"","theme-transparent-header-meta":"","adv-header-id-meta":"","stick-header-meta":"","header-above-stick-meta":"","header-main-stick-meta":"","header-below-stick-meta":"","astra-migrate-meta-layouts":"default","ast-page-background-enabled":"default","ast-page-background-meta":{"desktop":{"background-color":"var(--ast-global-color-4)","background-image":"","background-repeat":"repeat","background-position":"center center","background-size":"auto","background-attachment":"scroll","background-type":"","background-media":"","overlay-type":"","overlay-color":"","overlay-opacity":"","overlay-gradient":""},"tablet":{"background-color":"","background-image":"","background-repeat":"repeat","background-position":"center center","background-size":"auto","background-attachment":"scroll","background-type":"","background-media":"","overlay-type":"","overlay-color":"","overlay-opacity":"","overlay-gradient":""},"mobile":{"background-color":"","background-image":"","background-repeat":"repeat","background-position":"center center","background-size":"auto","background-attachment":"scroll","background-type":"","background-media":"","overlay-type":"","overlay-color":"","overlay-opacity":"","overlay-gradient":""}},"ast-content-background-meta":{"desktop":{"background-color":"var(--ast-global-color-5)","background-image":"","background-repeat":"repeat","background-position":"center center","background-size":"auto","background-attachment":"scroll","background-type":"","background-media":"","overlay-type":"","overlay-color":"","overlay-opacity":"","overlay-gradient":""},"tablet":{"background-color":"var(--ast-global-color-5)","background-image":"","background-repeat":"repeat","background-position":"center center","background-size":"auto","background-attachment":"scroll","background-type":"","background-media":"","overlay-type":"","overlay-color":"","overlay-opacity":"","overlay-gradient":""},"mobile":{"background-color":"var(--ast-global-color-5)","background-image":"","background-repeat":"repeat","background-position":"center center","background-size":"auto","background-attachment":"scroll","background-type":"","background-media":"","overlay-type":"","overlay-color":"","overlay-opacity":"","overlay-gradient":""}},"footnotes":""},"class_list":["post-2712","page","type-page","status-publish","has-post-thumbnail","hentry"],"acf":[],"yoast_head":"<!-- This site is optimized with the Yoast SEO plugin v25.5 - https:\/\/yoast.com\/wordpress\/plugins\/seo\/ -->\n<title>Smilje (Helichrysum italicum) - Dubrovnik Republic - Dry Dalmatian Gin<\/title>\n<meta name=\"robots\" content=\"index, follow, max-snippet:-1, max-image-preview:large, max-video-preview:-1\" \/>\n<link rel=\"canonical\" href=\"http:\/\/www.dubrovnik-republic.com\/hr\/blog\/smilje-helichrysum-italicum\/\" \/>\n<meta property=\"og:locale\" content=\"hr_HR\" \/>\n<meta property=\"og:type\" content=\"article\" \/>\n<meta property=\"og:title\" content=\"Smilje (Helichrysum italicum) - Dubrovnik Republic - Dry Dalmatian Gin\" \/>\n<meta property=\"og:description\" content=\"Ova mala biljka nekako uspijeva niknuti u najnepovoljnijim, kr\u0161kim i vru\u0107im dijelovima Dalmacije. Njeni mali cvjetovi ostaju \u017euti \u010dak i nakon su\u0161enja, te zadr\u017eavaju slamastu, cvjetnu slatko\u0107u mirisa, uz dodatak meda, \u010daja, ru\u017ee i kamilice. Zbog svojih regenerativnih svojstava, u najstarijoj dubrova\u010dkoj ljekarni i danas ju se koristi za proizvodnju ljekovitih masti i krema.&#013; U [&hellip;]\" \/>\n<meta property=\"og:url\" content=\"http:\/\/www.dubrovnik-republic.com\/hr\/blog\/smilje-helichrysum-italicum\/\" \/>\n<meta property=\"og:site_name\" content=\"Dubrovnik Republic - Dry Dalmatian Gin\" \/>\n<meta property=\"article:modified_time\" content=\"2024-07-22T14:59:25+00:00\" \/>\n<meta name=\"twitter:card\" content=\"summary_large_image\" \/>\n<script type=\"application\/ld+json\" class=\"yoast-schema-graph\">{\"@context\":\"https:\/\/schema.org\",\"@graph\":[{\"@type\":\"WebPage\",\"@id\":\"http:\/\/www.dubrovnik-republic.com\/hr\/blog\/smilje-helichrysum-italicum\/\",\"url\":\"http:\/\/www.dubrovnik-republic.com\/hr\/blog\/smilje-helichrysum-italicum\/\",\"name\":\"Smilje (Helichrysum italicum) - Dubrovnik Republic - Dry Dalmatian Gin\",\"isPartOf\":{\"@id\":\"http:\/\/www.dubrovnik-republic.com\/de\/#website\"},\"primaryImageOfPage\":{\"@id\":\"http:\/\/www.dubrovnik-republic.com\/hr\/blog\/smilje-helichrysum-italicum\/#primaryimage\"},\"image\":{\"@id\":\"http:\/\/www.dubrovnik-republic.com\/hr\/blog\/smilje-helichrysum-italicum\/#primaryimage\"},\"thumbnailUrl\":\"http:\/\/www.dubrovnik-republic.com\/wp-content\/uploads\/2022\/05\/juniper.svg\",\"datePublished\":\"2022-05-15T19:50:02+00:00\",\"dateModified\":\"2024-07-22T14:59:25+00:00\",\"breadcrumb\":{\"@id\":\"http:\/\/www.dubrovnik-republic.com\/hr\/blog\/smilje-helichrysum-italicum\/#breadcrumb\"},\"inLanguage\":\"hr\",\"potentialAction\":[{\"@type\":\"ReadAction\",\"target\":[\"http:\/\/www.dubrovnik-republic.com\/hr\/blog\/smilje-helichrysum-italicum\/\"]}]},{\"@type\":\"ImageObject\",\"inLanguage\":\"hr\",\"@id\":\"http:\/\/www.dubrovnik-republic.com\/hr\/blog\/smilje-helichrysum-italicum\/#primaryimage\",\"url\":\"http:\/\/www.dubrovnik-republic.com\/wp-content\/uploads\/2022\/05\/juniper.svg\",\"contentUrl\":\"http:\/\/www.dubrovnik-republic.com\/wp-content\/uploads\/2022\/05\/juniper.svg\",\"width\":100,\"height\":100},{\"@type\":\"BreadcrumbList\",\"@id\":\"http:\/\/www.dubrovnik-republic.com\/hr\/blog\/smilje-helichrysum-italicum\/#breadcrumb\",\"itemListElement\":[{\"@type\":\"ListItem\",\"position\":1,\"name\":\"Home\",\"item\":\"http:\/\/www.dubrovnik-republic.com\/hr\/\"},{\"@type\":\"ListItem\",\"position\":2,\"name\":\"Blog\",\"item\":\"http:\/\/www.dubrovnik-republic.com\/hr\/blog\/\"},{\"@type\":\"ListItem\",\"position\":3,\"name\":\"Smilje (Helichrysum italicum)\"}]},{\"@type\":\"WebSite\",\"@id\":\"http:\/\/www.dubrovnik-republic.com\/de\/#website\",\"url\":\"http:\/\/www.dubrovnik-republic.com\/de\/\",\"name\":\"Dubrovnik Republic - Dry Dalmatian Gin\",\"description\":\"Taste Dalmatia in every sip\",\"publisher\":{\"@id\":\"http:\/\/www.dubrovnik-republic.com\/de\/#organization\"},\"potentialAction\":[{\"@type\":\"SearchAction\",\"target\":{\"@type\":\"EntryPoint\",\"urlTemplate\":\"http:\/\/www.dubrovnik-republic.com\/de\/?s={search_term_string}\"},\"query-input\":{\"@type\":\"PropertyValueSpecification\",\"valueRequired\":true,\"valueName\":\"search_term_string\"}}],\"inLanguage\":\"hr\"},{\"@type\":\"Organization\",\"@id\":\"http:\/\/www.dubrovnik-republic.com\/de\/#organization\",\"name\":\"Dubrovnik Republic - Dry Dalmatian Gin\",\"url\":\"http:\/\/www.dubrovnik-republic.com\/de\/\",\"logo\":{\"@type\":\"ImageObject\",\"inLanguage\":\"hr\",\"@id\":\"http:\/\/www.dubrovnik-republic.com\/de\/#\/schema\/logo\/image\/\",\"url\":\"http:\/\/www.dubrovnik-republic.com\/wp-content\/uploads\/2022\/03\/logo-text-vertical-1.svg\",\"contentUrl\":\"http:\/\/www.dubrovnik-republic.com\/wp-content\/uploads\/2022\/03\/logo-text-vertical-1.svg\",\"width\":100,\"height\":100,\"caption\":\"Dubrovnik Republic - Dry Dalmatian Gin\"},\"image\":{\"@id\":\"http:\/\/www.dubrovnik-republic.com\/de\/#\/schema\/logo\/image\/\"}}]}<\/script>\n<!-- \/ Yoast SEO plugin. -->","yoast_head_json":{"title":"Smilje (Helichrysum italicum) - Dubrovnik Republic - Dry Dalmatian Gin","robots":{"index":"index","follow":"follow","max-snippet":"max-snippet:-1","max-image-preview":"max-image-preview:large","max-video-preview":"max-video-preview:-1"},"canonical":"http:\/\/www.dubrovnik-republic.com\/hr\/blog\/smilje-helichrysum-italicum\/","og_locale":"hr_HR","og_type":"article","og_title":"Smilje (Helichrysum italicum) - Dubrovnik Republic - Dry Dalmatian Gin","og_description":"Ova mala biljka nekako uspijeva niknuti u najnepovoljnijim, kr\u0161kim i vru\u0107im dijelovima Dalmacije. Njeni mali cvjetovi ostaju \u017euti \u010dak i nakon su\u0161enja, te zadr\u017eavaju slamastu, cvjetnu slatko\u0107u mirisa, uz dodatak meda, \u010daja, ru\u017ee i kamilice. Zbog svojih regenerativnih svojstava, u najstarijoj dubrova\u010dkoj ljekarni i danas ju se koristi za proizvodnju ljekovitih masti i krema.&#013; U [&hellip;]","og_url":"http:\/\/www.dubrovnik-republic.com\/hr\/blog\/smilje-helichrysum-italicum\/","og_site_name":"Dubrovnik Republic - Dry Dalmatian Gin","article_modified_time":"2024-07-22T14:59:25+00:00","twitter_card":"summary_large_image","schema":{"@context":"https:\/\/schema.org","@graph":[{"@type":"WebPage","@id":"http:\/\/www.dubrovnik-republic.com\/hr\/blog\/smilje-helichrysum-italicum\/","url":"http:\/\/www.dubrovnik-republic.com\/hr\/blog\/smilje-helichrysum-italicum\/","name":"Smilje (Helichrysum italicum) - Dubrovnik Republic - Dry Dalmatian Gin","isPartOf":{"@id":"http:\/\/www.dubrovnik-republic.com\/de\/#website"},"primaryImageOfPage":{"@id":"http:\/\/www.dubrovnik-republic.com\/hr\/blog\/smilje-helichrysum-italicum\/#primaryimage"},"image":{"@id":"http:\/\/www.dubrovnik-republic.com\/hr\/blog\/smilje-helichrysum-italicum\/#primaryimage"},"thumbnailUrl":"http:\/\/www.dubrovnik-republic.com\/wp-content\/uploads\/2022\/05\/juniper.svg","datePublished":"2022-05-15T19:50:02+00:00","dateModified":"2024-07-22T14:59:25+00:00","breadcrumb":{"@id":"http:\/\/www.dubrovnik-republic.com\/hr\/blog\/smilje-helichrysum-italicum\/#breadcrumb"},"inLanguage":"hr","potentialAction":[{"@type":"ReadAction","target":["http:\/\/www.dubrovnik-republic.com\/hr\/blog\/smilje-helichrysum-italicum\/"]}]},{"@type":"ImageObject","inLanguage":"hr","@id":"http:\/\/www.dubrovnik-republic.com\/hr\/blog\/smilje-helichrysum-italicum\/#primaryimage","url":"http:\/\/www.dubrovnik-republic.com\/wp-content\/uploads\/2022\/05\/juniper.svg","contentUrl":"http:\/\/www.dubrovnik-republic.com\/wp-content\/uploads\/2022\/05\/juniper.svg","width":100,"height":100},{"@type":"BreadcrumbList","@id":"http:\/\/www.dubrovnik-republic.com\/hr\/blog\/smilje-helichrysum-italicum\/#breadcrumb","itemListElement":[{"@type":"ListItem","position":1,"name":"Home","item":"http:\/\/www.dubrovnik-republic.com\/hr\/"},{"@type":"ListItem","position":2,"name":"Blog","item":"http:\/\/www.dubrovnik-republic.com\/hr\/blog\/"},{"@type":"ListItem","position":3,"name":"Smilje (Helichrysum italicum)"}]},{"@type":"WebSite","@id":"http:\/\/www.dubrovnik-republic.com\/de\/#website","url":"http:\/\/www.dubrovnik-republic.com\/de\/","name":"Dubrovnik Republic - Dry Dalmatian Gin","description":"Taste Dalmatia in every sip","publisher":{"@id":"http:\/\/www.dubrovnik-republic.com\/de\/#organization"},"potentialAction":[{"@type":"SearchAction","target":{"@type":"EntryPoint","urlTemplate":"http:\/\/www.dubrovnik-republic.com\/de\/?s={search_term_string}"},"query-input":{"@type":"PropertyValueSpecification","valueRequired":true,"valueName":"search_term_string"}}],"inLanguage":"hr"},{"@type":"Organization","@id":"http:\/\/www.dubrovnik-republic.com\/de\/#organization","name":"Dubrovnik Republic - Dry Dalmatian Gin","url":"http:\/\/www.dubrovnik-republic.com\/de\/","logo":{"@type":"ImageObject","inLanguage":"hr","@id":"http:\/\/www.dubrovnik-republic.com\/de\/#\/schema\/logo\/image\/","url":"http:\/\/www.dubrovnik-republic.com\/wp-content\/uploads\/2022\/03\/logo-text-vertical-1.svg","contentUrl":"http:\/\/www.dubrovnik-republic.com\/wp-content\/uploads\/2022\/03\/logo-text-vertical-1.svg","width":100,"height":100,"caption":"Dubrovnik Republic - Dry Dalmatian Gin"},"image":{"@id":"http:\/\/www.dubrovnik-republic.com\/de\/#\/schema\/logo\/image\/"}}]}},"_links":{"self":[{"href":"http:\/\/www.dubrovnik-republic.com\/hr\/wp-json\/wp\/v2\/pages\/2712","targetHints":{"allow":["GET"]}}],"collection":[{"href":"http:\/\/www.dubrovnik-republic.com\/hr\/wp-json\/wp\/v2\/pages"}],"about":[{"href":"http:\/\/www.dubrovnik-republic.com\/hr\/wp-json\/wp\/v2\/types\/page"}],"author":[{"embeddable":true,"href":"http:\/\/www.dubrovnik-republic.com\/hr\/wp-json\/wp\/v2\/users\/6"}],"replies":[{"embeddable":true,"href":"http:\/\/www.dubrovnik-republic.com\/hr\/wp-json\/wp\/v2\/comments?post=2712"}],"version-history":[{"count":2,"href":"http:\/\/www.dubrovnik-republic.com\/hr\/wp-json\/wp\/v2\/pages\/2712\/revisions"}],"predecessor-version":[{"id":3687,"href":"http:\/\/www.dubrovnik-republic.com\/hr\/wp-json\/wp\/v2\/pages\/2712\/revisions\/3687"}],"up":[{"embeddable":true,"href":"http:\/\/www.dubrovnik-republic.com\/hr\/wp-json\/wp\/v2\/pages\/2706"}],"wp:featuredmedia":[{"embeddable":true,"href":"http:\/\/www.dubrovnik-republic.com\/hr\/wp-json\/wp\/v2\/media\/2639"}],"wp:attachment":[{"href":"http:\/\/www.dubrovnik-republic.com\/hr\/wp-json\/wp\/v2\/media?parent=2712"}],"curies":[{"name":"wp","href":"https:\/\/api.w.org\/{rel}","templated":true}]}}