{"id":2529,"date":"2022-05-15T19:50:02","date_gmt":"2022-05-15T19:50:02","guid":{"rendered":"https:\/\/www.dubrovnik-republic.com\/wildwachsende-handverlesene-botanicals\/immortelle-helichrysum-italicum\/"},"modified":"2024-07-22T15:01:23","modified_gmt":"2024-07-22T15:01:23","slug":"immortelle-helichrysum-italicum","status":"publish","type":"page","link":"https:\/\/www.dubrovnik-republic.com\/de\/wildwachsende-handverlesene-botanicals\/immortelle-helichrysum-italicum\/","title":{"rendered":"Immortelle (Helichrysum italicum)"},"content":{"rendered":"\n<p>Diese z\u00e4he kleine Blume schafft es, in den unwirtlichsten, felsigsten und hitzereichsten Gebieten Dalmatiens zu gedeihen. Ihre winzigen Bl\u00fcten bleiben auch nach dem Trocknen leuchtend gelb und verstr\u00f6men eine strohige, w\u00fcrzige S\u00fc\u00dfe mit einem Hauch von Honig, Tee, Rose und Kamille. Aufgrund ihres antibiotischen Potenzials wird sie auch h\u00e4ufig in Salben und Cremes verwendet, die in der \u00e4ltesten Apotheken Dubrovniks hergestellt werden.&#013;\n<\/p>\n\n<p>In unserem Gin vermischt sich das s\u00fc\u00dfe Aroma der Imortelle mit den anderen Geschmacksnoten und erw\u00e4rmt sie wie ein lauer Windsto\u00df in einer Sommernacht.<\/p>\n","protected":false},"excerpt":{"rendered":"<p>Diese z\u00e4he kleine Blume schafft es, in den unwirtlichsten, felsigsten und hitzereichsten Gebieten Dalmatiens zu gedeihen. Ihre winzigen Bl\u00fcten bleiben auch nach dem Trocknen leuchtend gelb und verstr\u00f6men eine strohige, w\u00fcrzige S\u00fc\u00dfe mit einem Hauch von Honig, Tee, Rose und Kamille. Aufgrund ihres antibiotischen Potenzials wird sie auch h\u00e4ufig in Salben und Cremes verwendet, die [&hellip;]<\/p>\n","protected":false},"author":6,"featured_media":2458,"parent":2519,"menu_order":0,"comment_status":"closed","ping_status":"closed","template":"","meta":{"site-sidebar-layout":"default","site-content-layout":"","ast-site-content-layout":"default","site-content-style":"default","site-sidebar-style":"default","ast-global-header-display":"","ast-banner-title-visibility":"","ast-main-header-display":"","ast-hfb-above-header-display":"","ast-hfb-below-header-display":"","ast-hfb-mobile-header-display":"","site-post-title":"","ast-breadcrumbs-content":"","ast-featured-img":"","footer-sml-layout":"","theme-transparent-header-meta":"","adv-header-id-meta":"","stick-header-meta":"","header-above-stick-meta":"","header-main-stick-meta":"","header-below-stick-meta":"","astra-migrate-meta-layouts":"default","ast-page-background-enabled":"default","ast-page-background-meta":{"desktop":{"background-color":"var(--ast-global-color-4)","background-image":"","background-repeat":"repeat","background-position":"center center","background-size":"auto","background-attachment":"scroll","background-type":"","background-media":"","overlay-type":"","overlay-color":"","overlay-opacity":"","overlay-gradient":""},"tablet":{"background-color":"","background-image":"","background-repeat":"repeat","background-position":"center center","background-size":"auto","background-attachment":"scroll","background-type":"","background-media":"","overlay-type":"","overlay-color":"","overlay-opacity":"","overlay-gradient":""},"mobile":{"background-color":"","background-image":"","background-repeat":"repeat","background-position":"center center","background-size":"auto","background-attachment":"scroll","background-type":"","background-media":"","overlay-type":"","overlay-color":"","overlay-opacity":"","overlay-gradient":""}},"ast-content-background-meta":{"desktop":{"background-color":"var(--ast-global-color-5)","background-image":"","background-repeat":"repeat","background-position":"center center","background-size":"auto","background-attachment":"scroll","background-type":"","background-media":"","overlay-type":"","overlay-color":"","overlay-opacity":"","overlay-gradient":""},"tablet":{"background-color":"var(--ast-global-color-5)","background-image":"","background-repeat":"repeat","background-position":"center center","background-size":"auto","background-attachment":"scroll","background-type":"","background-media":"","overlay-type":"","overlay-color":"","overlay-opacity":"","overlay-gradient":""},"mobile":{"background-color":"var(--ast-global-color-5)","background-image":"","background-repeat":"repeat","background-position":"center center","background-size":"auto","background-attachment":"scroll","background-type":"","background-media":"","overlay-type":"","overlay-color":"","overlay-opacity":"","overlay-gradient":""}},"footnotes":""},"class_list":["post-2529","page","type-page","status-publish","has-post-thumbnail","hentry"],"acf":[],"yoast_head":"<!-- This site is optimized with the Yoast SEO plugin v25.5 - https:\/\/yoast.com\/wordpress\/plugins\/seo\/ -->\n<title>Immortelle (Helichrysum italicum) - Dubrovnik Republic - Dry Dalmatian Gin<\/title>\n<meta name=\"robots\" content=\"index, follow, max-snippet:-1, max-image-preview:large, max-video-preview:-1\" \/>\n<link rel=\"canonical\" href=\"http:\/\/www.dubrovnik-republic.com\/de\/wildwachsende-handverlesene-botanicals\/immortelle-helichrysum-italicum\/\" \/>\n<meta property=\"og:locale\" content=\"de_DE\" \/>\n<meta property=\"og:type\" content=\"article\" \/>\n<meta property=\"og:title\" content=\"Immortelle (Helichrysum italicum) - Dubrovnik Republic - Dry Dalmatian Gin\" \/>\n<meta property=\"og:description\" content=\"Diese z\u00e4he kleine Blume schafft es, in den unwirtlichsten, felsigsten und hitzereichsten Gebieten Dalmatiens zu gedeihen. Ihre winzigen Bl\u00fcten bleiben auch nach dem Trocknen leuchtend gelb und verstr\u00f6men eine strohige, w\u00fcrzige S\u00fc\u00dfe mit einem Hauch von Honig, Tee, Rose und Kamille. Aufgrund ihres antibiotischen Potenzials wird sie auch h\u00e4ufig in Salben und Cremes verwendet, die [&hellip;]\" \/>\n<meta property=\"og:url\" content=\"http:\/\/www.dubrovnik-republic.com\/de\/wildwachsende-handverlesene-botanicals\/immortelle-helichrysum-italicum\/\" \/>\n<meta property=\"og:site_name\" content=\"Dubrovnik Republic - Dry Dalmatian Gin\" \/>\n<meta property=\"article:modified_time\" content=\"2024-07-22T15:01:23+00:00\" \/>\n<meta name=\"twitter:card\" content=\"summary_large_image\" \/>\n<script type=\"application\/ld+json\" class=\"yoast-schema-graph\">{\"@context\":\"https:\/\/schema.org\",\"@graph\":[{\"@type\":\"WebPage\",\"@id\":\"http:\/\/www.dubrovnik-republic.com\/de\/wildwachsende-handverlesene-botanicals\/immortelle-helichrysum-italicum\/\",\"url\":\"http:\/\/www.dubrovnik-republic.com\/de\/wildwachsende-handverlesene-botanicals\/immortelle-helichrysum-italicum\/\",\"name\":\"Immortelle (Helichrysum italicum) - Dubrovnik Republic - Dry Dalmatian Gin\",\"isPartOf\":{\"@id\":\"http:\/\/www.dubrovnik-republic.com\/#website\"},\"primaryImageOfPage\":{\"@id\":\"http:\/\/www.dubrovnik-republic.com\/de\/wildwachsende-handverlesene-botanicals\/immortelle-helichrysum-italicum\/#primaryimage\"},\"image\":{\"@id\":\"http:\/\/www.dubrovnik-republic.com\/de\/wildwachsende-handverlesene-botanicals\/immortelle-helichrysum-italicum\/#primaryimage\"},\"thumbnailUrl\":\"https:\/\/www.dubrovnik-republic.com\/wp-content\/uploads\/2022\/05\/juniper.svg\",\"datePublished\":\"2022-05-15T19:50:02+00:00\",\"dateModified\":\"2024-07-22T15:01:23+00:00\",\"breadcrumb\":{\"@id\":\"http:\/\/www.dubrovnik-republic.com\/de\/wildwachsende-handverlesene-botanicals\/immortelle-helichrysum-italicum\/#breadcrumb\"},\"inLanguage\":\"de\",\"potentialAction\":[{\"@type\":\"ReadAction\",\"target\":[\"http:\/\/www.dubrovnik-republic.com\/de\/wildwachsende-handverlesene-botanicals\/immortelle-helichrysum-italicum\/\"]}]},{\"@type\":\"ImageObject\",\"inLanguage\":\"de\",\"@id\":\"http:\/\/www.dubrovnik-republic.com\/de\/wildwachsende-handverlesene-botanicals\/immortelle-helichrysum-italicum\/#primaryimage\",\"url\":\"https:\/\/www.dubrovnik-republic.com\/wp-content\/uploads\/2022\/05\/juniper.svg\",\"contentUrl\":\"https:\/\/www.dubrovnik-republic.com\/wp-content\/uploads\/2022\/05\/juniper.svg\",\"width\":100,\"height\":100},{\"@type\":\"BreadcrumbList\",\"@id\":\"http:\/\/www.dubrovnik-republic.com\/de\/wildwachsende-handverlesene-botanicals\/immortelle-helichrysum-italicum\/#breadcrumb\",\"itemListElement\":[{\"@type\":\"ListItem\",\"position\":1,\"name\":\"Home\",\"item\":\"http:\/\/www.dubrovnik-republic.com\/de\/\"},{\"@type\":\"ListItem\",\"position\":2,\"name\":\"Wildwachsende, handverlesene botanicals\",\"item\":\"http:\/\/www.dubrovnik-republic.com\/de\/wildwachsende-handverlesene-botanicals\/\"},{\"@type\":\"ListItem\",\"position\":3,\"name\":\"Immortelle (Helichrysum italicum)\"}]},{\"@type\":\"WebSite\",\"@id\":\"http:\/\/www.dubrovnik-republic.com\/#website\",\"url\":\"http:\/\/www.dubrovnik-republic.com\/\",\"name\":\"Dubrovnik Republic - Dry Dalmatian Gin\",\"description\":\"Taste Dalmatia in every sip\",\"publisher\":{\"@id\":\"http:\/\/www.dubrovnik-republic.com\/#organization\"},\"potentialAction\":[{\"@type\":\"SearchAction\",\"target\":{\"@type\":\"EntryPoint\",\"urlTemplate\":\"http:\/\/www.dubrovnik-republic.com\/?s={search_term_string}\"},\"query-input\":{\"@type\":\"PropertyValueSpecification\",\"valueRequired\":true,\"valueName\":\"search_term_string\"}}],\"inLanguage\":\"de\"},{\"@type\":\"Organization\",\"@id\":\"http:\/\/www.dubrovnik-republic.com\/#organization\",\"name\":\"Dubrovnik Republic - Dry Dalmatian Gin\",\"url\":\"http:\/\/www.dubrovnik-republic.com\/\",\"logo\":{\"@type\":\"ImageObject\",\"inLanguage\":\"de\",\"@id\":\"http:\/\/www.dubrovnik-republic.com\/#\/schema\/logo\/image\/\",\"url\":\"https:\/\/www.dubrovnik-republic.com\/wp-content\/uploads\/2022\/03\/logo-text-vertical-1.svg\",\"contentUrl\":\"https:\/\/www.dubrovnik-republic.com\/wp-content\/uploads\/2022\/03\/logo-text-vertical-1.svg\",\"width\":100,\"height\":100,\"caption\":\"Dubrovnik Republic - Dry Dalmatian Gin\"},\"image\":{\"@id\":\"http:\/\/www.dubrovnik-republic.com\/#\/schema\/logo\/image\/\"}}]}<\/script>\n<!-- \/ Yoast SEO plugin. -->","yoast_head_json":{"title":"Immortelle (Helichrysum italicum) - Dubrovnik Republic - Dry Dalmatian Gin","robots":{"index":"index","follow":"follow","max-snippet":"max-snippet:-1","max-image-preview":"max-image-preview:large","max-video-preview":"max-video-preview:-1"},"canonical":"http:\/\/www.dubrovnik-republic.com\/de\/wildwachsende-handverlesene-botanicals\/immortelle-helichrysum-italicum\/","og_locale":"de_DE","og_type":"article","og_title":"Immortelle (Helichrysum italicum) - Dubrovnik Republic - Dry Dalmatian Gin","og_description":"Diese z\u00e4he kleine Blume schafft es, in den unwirtlichsten, felsigsten und hitzereichsten Gebieten Dalmatiens zu gedeihen. Ihre winzigen Bl\u00fcten bleiben auch nach dem Trocknen leuchtend gelb und verstr\u00f6men eine strohige, w\u00fcrzige S\u00fc\u00dfe mit einem Hauch von Honig, Tee, Rose und Kamille. Aufgrund ihres antibiotischen Potenzials wird sie auch h\u00e4ufig in Salben und Cremes verwendet, die [&hellip;]","og_url":"http:\/\/www.dubrovnik-republic.com\/de\/wildwachsende-handverlesene-botanicals\/immortelle-helichrysum-italicum\/","og_site_name":"Dubrovnik Republic - Dry Dalmatian Gin","article_modified_time":"2024-07-22T15:01:23+00:00","twitter_card":"summary_large_image","schema":{"@context":"https:\/\/schema.org","@graph":[{"@type":"WebPage","@id":"http:\/\/www.dubrovnik-republic.com\/de\/wildwachsende-handverlesene-botanicals\/immortelle-helichrysum-italicum\/","url":"http:\/\/www.dubrovnik-republic.com\/de\/wildwachsende-handverlesene-botanicals\/immortelle-helichrysum-italicum\/","name":"Immortelle (Helichrysum italicum) - Dubrovnik Republic - Dry Dalmatian Gin","isPartOf":{"@id":"http:\/\/www.dubrovnik-republic.com\/#website"},"primaryImageOfPage":{"@id":"http:\/\/www.dubrovnik-republic.com\/de\/wildwachsende-handverlesene-botanicals\/immortelle-helichrysum-italicum\/#primaryimage"},"image":{"@id":"http:\/\/www.dubrovnik-republic.com\/de\/wildwachsende-handverlesene-botanicals\/immortelle-helichrysum-italicum\/#primaryimage"},"thumbnailUrl":"https:\/\/www.dubrovnik-republic.com\/wp-content\/uploads\/2022\/05\/juniper.svg","datePublished":"2022-05-15T19:50:02+00:00","dateModified":"2024-07-22T15:01:23+00:00","breadcrumb":{"@id":"http:\/\/www.dubrovnik-republic.com\/de\/wildwachsende-handverlesene-botanicals\/immortelle-helichrysum-italicum\/#breadcrumb"},"inLanguage":"de","potentialAction":[{"@type":"ReadAction","target":["http:\/\/www.dubrovnik-republic.com\/de\/wildwachsende-handverlesene-botanicals\/immortelle-helichrysum-italicum\/"]}]},{"@type":"ImageObject","inLanguage":"de","@id":"http:\/\/www.dubrovnik-republic.com\/de\/wildwachsende-handverlesene-botanicals\/immortelle-helichrysum-italicum\/#primaryimage","url":"https:\/\/www.dubrovnik-republic.com\/wp-content\/uploads\/2022\/05\/juniper.svg","contentUrl":"https:\/\/www.dubrovnik-republic.com\/wp-content\/uploads\/2022\/05\/juniper.svg","width":100,"height":100},{"@type":"BreadcrumbList","@id":"http:\/\/www.dubrovnik-republic.com\/de\/wildwachsende-handverlesene-botanicals\/immortelle-helichrysum-italicum\/#breadcrumb","itemListElement":[{"@type":"ListItem","position":1,"name":"Home","item":"http:\/\/www.dubrovnik-republic.com\/de\/"},{"@type":"ListItem","position":2,"name":"Wildwachsende, handverlesene botanicals","item":"http:\/\/www.dubrovnik-republic.com\/de\/wildwachsende-handverlesene-botanicals\/"},{"@type":"ListItem","position":3,"name":"Immortelle (Helichrysum italicum)"}]},{"@type":"WebSite","@id":"http:\/\/www.dubrovnik-republic.com\/#website","url":"http:\/\/www.dubrovnik-republic.com\/","name":"Dubrovnik Republic - Dry Dalmatian Gin","description":"Taste Dalmatia in every sip","publisher":{"@id":"http:\/\/www.dubrovnik-republic.com\/#organization"},"potentialAction":[{"@type":"SearchAction","target":{"@type":"EntryPoint","urlTemplate":"http:\/\/www.dubrovnik-republic.com\/?s={search_term_string}"},"query-input":{"@type":"PropertyValueSpecification","valueRequired":true,"valueName":"search_term_string"}}],"inLanguage":"de"},{"@type":"Organization","@id":"http:\/\/www.dubrovnik-republic.com\/#organization","name":"Dubrovnik Republic - Dry Dalmatian Gin","url":"http:\/\/www.dubrovnik-republic.com\/","logo":{"@type":"ImageObject","inLanguage":"de","@id":"http:\/\/www.dubrovnik-republic.com\/#\/schema\/logo\/image\/","url":"https:\/\/www.dubrovnik-republic.com\/wp-content\/uploads\/2022\/03\/logo-text-vertical-1.svg","contentUrl":"https:\/\/www.dubrovnik-republic.com\/wp-content\/uploads\/2022\/03\/logo-text-vertical-1.svg","width":100,"height":100,"caption":"Dubrovnik Republic - Dry Dalmatian Gin"},"image":{"@id":"http:\/\/www.dubrovnik-republic.com\/#\/schema\/logo\/image\/"}}]}},"_links":{"self":[{"href":"https:\/\/www.dubrovnik-republic.com\/de\/wp-json\/wp\/v2\/pages\/2529","targetHints":{"allow":["GET"]}}],"collection":[{"href":"https:\/\/www.dubrovnik-republic.com\/de\/wp-json\/wp\/v2\/pages"}],"about":[{"href":"https:\/\/www.dubrovnik-republic.com\/de\/wp-json\/wp\/v2\/types\/page"}],"author":[{"embeddable":true,"href":"https:\/\/www.dubrovnik-republic.com\/de\/wp-json\/wp\/v2\/users\/6"}],"replies":[{"embeddable":true,"href":"https:\/\/www.dubrovnik-republic.com\/de\/wp-json\/wp\/v2\/comments?post=2529"}],"version-history":[{"count":2,"href":"https:\/\/www.dubrovnik-republic.com\/de\/wp-json\/wp\/v2\/pages\/2529\/revisions"}],"predecessor-version":[{"id":3686,"href":"https:\/\/www.dubrovnik-republic.com\/de\/wp-json\/wp\/v2\/pages\/2529\/revisions\/3686"}],"up":[{"embeddable":true,"href":"https:\/\/www.dubrovnik-republic.com\/de\/wp-json\/wp\/v2\/pages\/2519"}],"wp:featuredmedia":[{"embeddable":true,"href":"https:\/\/www.dubrovnik-republic.com\/de\/wp-json\/wp\/v2\/media\/2458"}],"wp:attachment":[{"href":"https:\/\/www.dubrovnik-republic.com\/de\/wp-json\/wp\/v2\/media?parent=2529"}],"curies":[{"name":"wp","href":"https:\/\/api.w.org\/{rel}","templated":true}]}}