{"id":2699,"date":"2022-02-01T05:58:50","date_gmt":"2022-02-01T05:58:50","guid":{"rendered":"https:\/\/www.dubrovnik-republic.com\/prodajna-mjesta\/"},"modified":"2024-07-15T14:26:11","modified_gmt":"2024-07-15T14:26:11","slug":"prodajna-mjesta","status":"publish","type":"page","link":"https:\/\/www.dubrovnik-republic.com\/hr\/prodajna-mjesta\/","title":{"rendered":"Prodajna mjesta"},"content":{"rendered":"\t\t<div data-elementor-type=\"wp-page\" data-elementor-id=\"2699\" class=\"elementor elementor-2699 elementor-6\" data-elementor-post-type=\"page\">\n\t\t\t\t\t\t<section class=\"elementor-section elementor-top-section elementor-element elementor-element-e3cc2c8 elementor-section-boxed elementor-section-height-default elementor-section-height-default\" data-id=\"e3cc2c8\" data-element_type=\"section\" data-settings=\"{&quot;background_background&quot;:&quot;classic&quot;}\">\n\t\t\t\t\t\t<div class=\"elementor-container elementor-column-gap-default\">\n\t\t\t\t\t<div class=\"elementor-column elementor-col-100 elementor-top-column elementor-element elementor-element-f4309d0\" data-id=\"f4309d0\" data-element_type=\"column\">\n\t\t\t<div class=\"elementor-widget-wrap elementor-element-populated\">\n\t\t\t\t\t\t<section class=\"elementor-section elementor-inner-section elementor-element elementor-element-12d7ae0 elementor-section-boxed elementor-section-height-default elementor-section-height-default\" data-id=\"12d7ae0\" data-element_type=\"section\">\n\t\t\t\t\t\t<div class=\"elementor-container elementor-column-gap-default\">\n\t\t\t\t\t<div class=\"elementor-column elementor-col-66 elementor-inner-column elementor-element elementor-element-384c1fb\" data-id=\"384c1fb\" data-element_type=\"column\">\n\t\t\t<div class=\"elementor-widget-wrap elementor-element-populated\">\n\t\t\t\t\t\t<div class=\"elementor-element elementor-element-f41991b elementor-widget elementor-widget-heading\" data-id=\"f41991b\" data-element_type=\"widget\" data-widget_type=\"heading.default\">\n\t\t\t\t<div class=\"elementor-widget-container\">\n\t\t\t\t\t<h2 class=\"elementor-heading-title elementor-size-default\">GDJE KUPITI ILI KU\u0160ATI?<\/h2>\t\t\t\t<\/div>\n\t\t\t\t<\/div>\n\t\t\t\t<div class=\"elementor-element elementor-element-222a89e elementor-widget elementor-widget-text-editor\" data-id=\"222a89e\" data-element_type=\"widget\" data-widget_type=\"text-editor.default\">\n\t\t\t\t<div class=\"elementor-widget-container\">\n\t\t\t\t\t\t\t\t\t<p>Kako bismo o\u010duvali vrhunsku kvalitetu i po\u0161tivali pravila zanata, Dubrovnik Republic d\u017ein proizvodi se u malim koli\u010dinama, stoga je dostupan samo kod odabranih distributera. <\/p>\n\t\t\t\t\t\t\t\t<\/div>\n\t\t\t\t<\/div>\n\t\t\t\t\t<\/div>\n\t\t<\/div>\n\t\t\t\t<div class=\"elementor-column elementor-col-33 elementor-inner-column elementor-element elementor-element-683ab54\" data-id=\"683ab54\" data-element_type=\"column\">\n\t\t\t<div class=\"elementor-widget-wrap\">\n\t\t\t\t\t\t\t<\/div>\n\t\t<\/div>\n\t\t\t\t\t<\/div>\n\t\t<\/section>\n\t\t\t\t\t<\/div>\n\t\t<\/div>\n\t\t\t\t\t<\/div>\n\t\t<\/section>\n\t\t\t\t<section class=\"elementor-section elementor-top-section elementor-element elementor-element-2416a46 elementor-section-stretched elementor-section-boxed elementor-section-height-default elementor-section-height-default\" data-id=\"2416a46\" data-element_type=\"section\" data-settings=\"{&quot;stretch_section&quot;:&quot;section-stretched&quot;}\">\n\t\t\t\t\t\t<div class=\"elementor-container elementor-column-gap-default\">\n\t\t\t\t\t<div class=\"elementor-column elementor-col-100 elementor-top-column elementor-element elementor-element-7b6832d\" data-id=\"7b6832d\" data-element_type=\"column\">\n\t\t\t<div class=\"elementor-widget-wrap elementor-element-populated\">\n\t\t\t\t\t\t<div class=\"elementor-element elementor-element-4a2c0e0 elementor-widget elementor-widget-shortcode\" data-id=\"4a2c0e0\" data-element_type=\"widget\" data-widget_type=\"shortcode.default\">\n\t\t\t\t<div class=\"elementor-widget-container\">\n\t\t\t\t\t\t\t<div class=\"elementor-shortcode\"><style>\r\n\t#wpsl-stores .wpsl-store-thumb {height:45px !important; width:45px !important;}\r\n\t#wpsl-stores, #wpsl-direction-details, #wpsl-gmap {height:650px !important;}\r\n\t#wpsl-gmap .wpsl-info-window {max-width:225px !important;}\r\n\t.wpsl-input label, #wpsl-radius label, #wpsl-category label {width:95px;}\r\n\t#wpsl-search-input  {width:179px;}\r\n<\/style>\r\n<div id=\"wpsl-wrap\" class=\"wpsl-store-below\">\r\n\t<div class=\"wpsl-search wpsl-clearfix \">\r\n\t\t<div id=\"wpsl-search-wrap\">\r\n\t\t\t<form autocomplete=\"off\">\r\n\t\t\t<div class=\"wpsl-input\">\r\n\t\t\t\t<div><label for=\"wpsl-search-input\">Your location<\/label><\/div>\r\n\t\t\t\t<input id=\"wpsl-search-input\" type=\"text\" value=\"\" name=\"wpsl-search-input\" placeholder=\"\" aria-required=\"true\" \/>\r\n\t\t\t<\/div>\r\n\t\t\t<div class=\"wpsl-select-wrap\">\r\n\t\t\t\t<div id=\"wpsl-radius\">\r\n\t\t\t\t\t<label for=\"wpsl-radius-dropdown\">Search radius<\/label>\r\n\t\t\t\t\t<select id=\"wpsl-radius-dropdown\" class=\"wpsl-dropdown\" name=\"wpsl-radius\">\r\n\t\t\t\t\t\t<option value=\"10\">10 km<\/option><option value=\"25\">25 km<\/option><option selected=\"selected\" value=\"50\">50 km<\/option><option value=\"100\">100 km<\/option><option value=\"200\">200 km<\/option><option value=\"500\">500 km<\/option>\r\n\t\t\t\t\t<\/select>\r\n\t\t\t\t<\/div>\r\n\t\t\t\t<div id=\"wpsl-results\">\r\n\t\t\t\t\t<label for=\"wpsl-results-dropdown\">Results<\/label>\r\n\t\t\t\t\t<select id=\"wpsl-results-dropdown\" class=\"wpsl-dropdown\" name=\"wpsl-results\">\r\n\t\t\t\t\t\t<option selected=\"selected\" value=\"25\">25<\/option><option value=\"50\">50<\/option><option value=\"75\">75<\/option><option value=\"100\">100<\/option>\r\n\t\t\t\t\t<\/select>\r\n\t\t\t\t<\/div>\r\n\t\t\t<\/div>\r\n\t\t\t\t<div class=\"wpsl-search-btn-wrap\"><input id=\"wpsl-search-btn\" type=\"submit\" value=\"Search\"><\/div>\r\n\t\t<\/form>\r\n\t\t<\/div>\r\n\t<\/div>\r\n\t<div class=\"wpsl-gmap-wrap\">\r\n\t\t<div id=\"wpsl-gmap\" class=\"wpsl-gmap-canvas\"><\/div>\r\n\t<\/div>\r\n\t<div id=\"wpsl-result-list\">\r\n\t\t<div id=\"wpsl-stores\" >\r\n\t\t\t<ul><\/ul>\r\n\t\t<\/div>\r\n\t\t<div id=\"wpsl-direction-details\">\r\n\t\t\t<ul><\/ul>\r\n\t\t<\/div>\r\n\t<\/div>\r\n<\/div>\r\n<\/div>\n\t\t\t\t\t\t<\/div>\n\t\t\t\t<\/div>\n\t\t\t\t\t<\/div>\n\t\t<\/div>\n\t\t\t\t\t<\/div>\n\t\t<\/section>\n\t\t\t\t<\/div>\n\t\t","protected":false},"excerpt":{"rendered":"<p>GDJE KUPITI ILI KU\u0160ATI? Kako bismo o\u010duvali vrhunsku kvalitetu i po\u0161tivali pravila zanata, Dubrovnik Republic d\u017ein proizvodi se u malim koli\u010dinama, stoga je dostupan samo kod odabranih distributera.<\/p>\n","protected":false},"author":6,"featured_media":0,"parent":0,"menu_order":0,"comment_status":"closed","ping_status":"closed","template":"","meta":{"site-sidebar-layout":"no-sidebar","site-content-layout":"page-builder","ast-site-content-layout":"default","site-content-style":"default","site-sidebar-style":"default","ast-global-header-display":"","ast-banner-title-visibility":"","ast-main-header-display":"","ast-hfb-above-header-display":"","ast-hfb-below-header-display":"","ast-hfb-mobile-header-display":"","site-post-title":"disabled","ast-breadcrumbs-content":"","ast-featured-img":"disabled","footer-sml-layout":"","theme-transparent-header-meta":"","adv-header-id-meta":"","stick-header-meta":"","header-above-stick-meta":"","header-main-stick-meta":"","header-below-stick-meta":"","astra-migrate-meta-layouts":"default","ast-page-background-enabled":"default","ast-page-background-meta":{"desktop":{"background-color":"var(--ast-global-color-4)","background-image":"","background-repeat":"repeat","background-position":"center center","background-size":"auto","background-attachment":"scroll","background-type":"","background-media":"","overlay-type":"","overlay-color":"","overlay-opacity":"","overlay-gradient":""},"tablet":{"background-color":"","background-image":"","background-repeat":"repeat","background-position":"center center","background-size":"auto","background-attachment":"scroll","background-type":"","background-media":"","overlay-type":"","overlay-color":"","overlay-opacity":"","overlay-gradient":""},"mobile":{"background-color":"","background-image":"","background-repeat":"repeat","background-position":"center center","background-size":"auto","background-attachment":"scroll","background-type":"","background-media":"","overlay-type":"","overlay-color":"","overlay-opacity":"","overlay-gradient":""}},"ast-content-background-meta":{"desktop":{"background-color":"var(--ast-global-color-5)","background-image":"","background-repeat":"repeat","background-position":"center center","background-size":"auto","background-attachment":"scroll","background-type":"","background-media":"","overlay-type":"","overlay-color":"","overlay-opacity":"","overlay-gradient":""},"tablet":{"background-color":"var(--ast-global-color-5)","background-image":"","background-repeat":"repeat","background-position":"center center","background-size":"auto","background-attachment":"scroll","background-type":"","background-media":"","overlay-type":"","overlay-color":"","overlay-opacity":"","overlay-gradient":""},"mobile":{"background-color":"var(--ast-global-color-5)","background-image":"","background-repeat":"repeat","background-position":"center center","background-size":"auto","background-attachment":"scroll","background-type":"","background-media":"","overlay-type":"","overlay-color":"","overlay-opacity":"","overlay-gradient":""}},"footnotes":""},"class_list":["post-2699","page","type-page","status-publish","hentry"],"acf":[],"yoast_head":"<!-- This site is optimized with the Yoast SEO plugin v25.5 - https:\/\/yoast.com\/wordpress\/plugins\/seo\/ -->\n<title>Prodajna mjesta - Dubrovnik Republic - Dry Dalmatian Gin<\/title>\n<meta name=\"robots\" content=\"index, follow, max-snippet:-1, max-image-preview:large, max-video-preview:-1\" \/>\n<link rel=\"canonical\" href=\"http:\/\/www.dubrovnik-republic.com\/hr\/prodajna-mjesta\/\" \/>\n<meta property=\"og:locale\" content=\"hr_HR\" \/>\n<meta property=\"og:type\" content=\"article\" \/>\n<meta property=\"og:title\" content=\"Prodajna mjesta - Dubrovnik Republic - Dry Dalmatian Gin\" \/>\n<meta property=\"og:description\" content=\"GDJE KUPITI ILI KU\u0160ATI? Kako bismo o\u010duvali vrhunsku kvalitetu i po\u0161tivali pravila zanata, Dubrovnik Republic d\u017ein proizvodi se u malim koli\u010dinama, stoga je dostupan samo kod odabranih distributera.\" \/>\n<meta property=\"og:url\" content=\"http:\/\/www.dubrovnik-republic.com\/hr\/prodajna-mjesta\/\" \/>\n<meta property=\"og:site_name\" content=\"Dubrovnik Republic - Dry Dalmatian Gin\" \/>\n<meta property=\"article:modified_time\" content=\"2024-07-15T14:26:11+00:00\" \/>\n<meta name=\"twitter:card\" content=\"summary_large_image\" \/>\n<script type=\"application\/ld+json\" class=\"yoast-schema-graph\">{\"@context\":\"https:\/\/schema.org\",\"@graph\":[{\"@type\":\"WebPage\",\"@id\":\"http:\/\/www.dubrovnik-republic.com\/hr\/prodajna-mjesta\/\",\"url\":\"http:\/\/www.dubrovnik-republic.com\/hr\/prodajna-mjesta\/\",\"name\":\"Prodajna mjesta - Dubrovnik Republic - Dry Dalmatian Gin\",\"isPartOf\":{\"@id\":\"http:\/\/www.dubrovnik-republic.com\/de\/#website\"},\"datePublished\":\"2022-02-01T05:58:50+00:00\",\"dateModified\":\"2024-07-15T14:26:11+00:00\",\"breadcrumb\":{\"@id\":\"http:\/\/www.dubrovnik-republic.com\/hr\/prodajna-mjesta\/#breadcrumb\"},\"inLanguage\":\"hr\",\"potentialAction\":[{\"@type\":\"ReadAction\",\"target\":[\"http:\/\/www.dubrovnik-republic.com\/hr\/prodajna-mjesta\/\"]}]},{\"@type\":\"BreadcrumbList\",\"@id\":\"http:\/\/www.dubrovnik-republic.com\/hr\/prodajna-mjesta\/#breadcrumb\",\"itemListElement\":[{\"@type\":\"ListItem\",\"position\":1,\"name\":\"Home\",\"item\":\"http:\/\/www.dubrovnik-republic.com\/hr\/\"},{\"@type\":\"ListItem\",\"position\":2,\"name\":\"Prodajna mjesta\"}]},{\"@type\":\"WebSite\",\"@id\":\"http:\/\/www.dubrovnik-republic.com\/de\/#website\",\"url\":\"http:\/\/www.dubrovnik-republic.com\/de\/\",\"name\":\"Dubrovnik Republic - Dry Dalmatian Gin\",\"description\":\"Taste Dalmatia in every sip\",\"publisher\":{\"@id\":\"http:\/\/www.dubrovnik-republic.com\/de\/#organization\"},\"potentialAction\":[{\"@type\":\"SearchAction\",\"target\":{\"@type\":\"EntryPoint\",\"urlTemplate\":\"http:\/\/www.dubrovnik-republic.com\/de\/?s={search_term_string}\"},\"query-input\":{\"@type\":\"PropertyValueSpecification\",\"valueRequired\":true,\"valueName\":\"search_term_string\"}}],\"inLanguage\":\"hr\"},{\"@type\":\"Organization\",\"@id\":\"http:\/\/www.dubrovnik-republic.com\/de\/#organization\",\"name\":\"Dubrovnik Republic - Dry Dalmatian Gin\",\"url\":\"http:\/\/www.dubrovnik-republic.com\/de\/\",\"logo\":{\"@type\":\"ImageObject\",\"inLanguage\":\"hr\",\"@id\":\"http:\/\/www.dubrovnik-republic.com\/de\/#\/schema\/logo\/image\/\",\"url\":\"https:\/\/www.dubrovnik-republic.com\/wp-content\/uploads\/2022\/03\/logo-text-vertical-1.svg\",\"contentUrl\":\"https:\/\/www.dubrovnik-republic.com\/wp-content\/uploads\/2022\/03\/logo-text-vertical-1.svg\",\"width\":100,\"height\":100,\"caption\":\"Dubrovnik Republic - Dry Dalmatian Gin\"},\"image\":{\"@id\":\"http:\/\/www.dubrovnik-republic.com\/de\/#\/schema\/logo\/image\/\"}}]}<\/script>\n<!-- \/ Yoast SEO plugin. -->","yoast_head_json":{"title":"Prodajna mjesta - Dubrovnik Republic - Dry Dalmatian Gin","robots":{"index":"index","follow":"follow","max-snippet":"max-snippet:-1","max-image-preview":"max-image-preview:large","max-video-preview":"max-video-preview:-1"},"canonical":"http:\/\/www.dubrovnik-republic.com\/hr\/prodajna-mjesta\/","og_locale":"hr_HR","og_type":"article","og_title":"Prodajna mjesta - Dubrovnik Republic - Dry Dalmatian Gin","og_description":"GDJE KUPITI ILI KU\u0160ATI? Kako bismo o\u010duvali vrhunsku kvalitetu i po\u0161tivali pravila zanata, Dubrovnik Republic d\u017ein proizvodi se u malim koli\u010dinama, stoga je dostupan samo kod odabranih distributera.","og_url":"http:\/\/www.dubrovnik-republic.com\/hr\/prodajna-mjesta\/","og_site_name":"Dubrovnik Republic - Dry Dalmatian Gin","article_modified_time":"2024-07-15T14:26:11+00:00","twitter_card":"summary_large_image","schema":{"@context":"https:\/\/schema.org","@graph":[{"@type":"WebPage","@id":"http:\/\/www.dubrovnik-republic.com\/hr\/prodajna-mjesta\/","url":"http:\/\/www.dubrovnik-republic.com\/hr\/prodajna-mjesta\/","name":"Prodajna mjesta - Dubrovnik Republic - Dry Dalmatian Gin","isPartOf":{"@id":"http:\/\/www.dubrovnik-republic.com\/de\/#website"},"datePublished":"2022-02-01T05:58:50+00:00","dateModified":"2024-07-15T14:26:11+00:00","breadcrumb":{"@id":"http:\/\/www.dubrovnik-republic.com\/hr\/prodajna-mjesta\/#breadcrumb"},"inLanguage":"hr","potentialAction":[{"@type":"ReadAction","target":["http:\/\/www.dubrovnik-republic.com\/hr\/prodajna-mjesta\/"]}]},{"@type":"BreadcrumbList","@id":"http:\/\/www.dubrovnik-republic.com\/hr\/prodajna-mjesta\/#breadcrumb","itemListElement":[{"@type":"ListItem","position":1,"name":"Home","item":"http:\/\/www.dubrovnik-republic.com\/hr\/"},{"@type":"ListItem","position":2,"name":"Prodajna mjesta"}]},{"@type":"WebSite","@id":"http:\/\/www.dubrovnik-republic.com\/de\/#website","url":"http:\/\/www.dubrovnik-republic.com\/de\/","name":"Dubrovnik Republic - Dry Dalmatian Gin","description":"Taste Dalmatia in every sip","publisher":{"@id":"http:\/\/www.dubrovnik-republic.com\/de\/#organization"},"potentialAction":[{"@type":"SearchAction","target":{"@type":"EntryPoint","urlTemplate":"http:\/\/www.dubrovnik-republic.com\/de\/?s={search_term_string}"},"query-input":{"@type":"PropertyValueSpecification","valueRequired":true,"valueName":"search_term_string"}}],"inLanguage":"hr"},{"@type":"Organization","@id":"http:\/\/www.dubrovnik-republic.com\/de\/#organization","name":"Dubrovnik Republic - Dry Dalmatian Gin","url":"http:\/\/www.dubrovnik-republic.com\/de\/","logo":{"@type":"ImageObject","inLanguage":"hr","@id":"http:\/\/www.dubrovnik-republic.com\/de\/#\/schema\/logo\/image\/","url":"https:\/\/www.dubrovnik-republic.com\/wp-content\/uploads\/2022\/03\/logo-text-vertical-1.svg","contentUrl":"https:\/\/www.dubrovnik-republic.com\/wp-content\/uploads\/2022\/03\/logo-text-vertical-1.svg","width":100,"height":100,"caption":"Dubrovnik Republic - Dry Dalmatian Gin"},"image":{"@id":"http:\/\/www.dubrovnik-republic.com\/de\/#\/schema\/logo\/image\/"}}]}},"_links":{"self":[{"href":"https:\/\/www.dubrovnik-republic.com\/hr\/wp-json\/wp\/v2\/pages\/2699","targetHints":{"allow":["GET"]}}],"collection":[{"href":"https:\/\/www.dubrovnik-republic.com\/hr\/wp-json\/wp\/v2\/pages"}],"about":[{"href":"https:\/\/www.dubrovnik-republic.com\/hr\/wp-json\/wp\/v2\/types\/page"}],"author":[{"embeddable":true,"href":"https:\/\/www.dubrovnik-republic.com\/hr\/wp-json\/wp\/v2\/users\/6"}],"replies":[{"embeddable":true,"href":"https:\/\/www.dubrovnik-republic.com\/hr\/wp-json\/wp\/v2\/comments?post=2699"}],"version-history":[{"count":7,"href":"https:\/\/www.dubrovnik-republic.com\/hr\/wp-json\/wp\/v2\/pages\/2699\/revisions"}],"predecessor-version":[{"id":3713,"href":"https:\/\/www.dubrovnik-republic.com\/hr\/wp-json\/wp\/v2\/pages\/2699\/revisions\/3713"}],"wp:attachment":[{"href":"https:\/\/www.dubrovnik-republic.com\/hr\/wp-json\/wp\/v2\/media?parent=2699"}],"curies":[{"name":"wp","href":"https:\/\/api.w.org\/{rel}","templated":true}]}}