{"id":2718,"date":"2022-05-15T19:50:57","date_gmt":"2022-05-15T19:50:57","guid":{"rendered":"https:\/\/www.dubrovnik-republic.com\/divlje-rucno-ubrano-bilje\/izvorska-voda\/"},"modified":"2024-07-15T13:59:13","modified_gmt":"2024-07-15T13:59:13","slug":"izvorska-voda","status":"publish","type":"page","link":"https:\/\/www.dubrovnik-republic.com\/hr\/blog\/izvorska-voda\/","title":{"rendered":"Izvorska voda"},"content":{"rendered":"\n<p>Iz srca planine&#13;\nVoda koju koristimo za proizvodnju Dubrovnik Republic d\u017eina dolazi iz najdubljeg kr\u0161kog izvora u Hrvatskoj, ujedno i jednog od pet najdubljih u svijetu \u2013 predivnog tirkiznog jezera okru\u017eenog \u0161umom i strmim liticama planina Plje\u0161evice i Stra\u017ebenice, na 396 metara nadmorske visine.&#13;\n<\/p>\n\n<p>Ova voda putuje kroz naslage vapnenca iz ranog Trijasko-jurskog doba, kako bi do\u0161la na povr\u0161inu s dubine. <\/p>\n\n<p>Naj bistrija voda iz srca planinskih masiva na\u0161e zemlje.<\/p>\n","protected":false},"excerpt":{"rendered":"<p>Iz srca planine&#13; Voda koju koristimo za proizvodnju Dubrovnik Republic d\u017eina dolazi iz najdubljeg kr\u0161kog izvora u Hrvatskoj, ujedno i jednog od pet najdubljih u svijetu \u2013 predivnog tirkiznog jezera okru\u017eenog \u0161umom i strmim liticama planina Plje\u0161evice i Stra\u017ebenice, na 396 metara nadmorske visine.&#13; Ova voda putuje kroz naslage vapnenca iz ranog Trijasko-jurskog doba, kako [&hellip;]<\/p>\n","protected":false},"author":6,"featured_media":2639,"parent":2706,"menu_order":0,"comment_status":"closed","ping_status":"closed","template":"","meta":{"site-sidebar-layout":"default","site-content-layout":"","ast-site-content-layout":"default","site-content-style":"default","site-sidebar-style":"default","ast-global-header-display":"","ast-banner-title-visibility":"","ast-main-header-display":"","ast-hfb-above-header-display":"","ast-hfb-below-header-display":"","ast-hfb-mobile-header-display":"","site-post-title":"","ast-breadcrumbs-content":"","ast-featured-img":"","footer-sml-layout":"","theme-transparent-header-meta":"","adv-header-id-meta":"","stick-header-meta":"","header-above-stick-meta":"","header-main-stick-meta":"","header-below-stick-meta":"","astra-migrate-meta-layouts":"default","ast-page-background-enabled":"default","ast-page-background-meta":{"desktop":{"background-color":"var(--ast-global-color-4)","background-image":"","background-repeat":"repeat","background-position":"center center","background-size":"auto","background-attachment":"scroll","background-type":"","background-media":"","overlay-type":"","overlay-color":"","overlay-opacity":"","overlay-gradient":""},"tablet":{"background-color":"","background-image":"","background-repeat":"repeat","background-position":"center center","background-size":"auto","background-attachment":"scroll","background-type":"","background-media":"","overlay-type":"","overlay-color":"","overlay-opacity":"","overlay-gradient":""},"mobile":{"background-color":"","background-image":"","background-repeat":"repeat","background-position":"center center","background-size":"auto","background-attachment":"scroll","background-type":"","background-media":"","overlay-type":"","overlay-color":"","overlay-opacity":"","overlay-gradient":""}},"ast-content-background-meta":{"desktop":{"background-color":"var(--ast-global-color-5)","background-image":"","background-repeat":"repeat","background-position":"center center","background-size":"auto","background-attachment":"scroll","background-type":"","background-media":"","overlay-type":"","overlay-color":"","overlay-opacity":"","overlay-gradient":""},"tablet":{"background-color":"var(--ast-global-color-5)","background-image":"","background-repeat":"repeat","background-position":"center center","background-size":"auto","background-attachment":"scroll","background-type":"","background-media":"","overlay-type":"","overlay-color":"","overlay-opacity":"","overlay-gradient":""},"mobile":{"background-color":"var(--ast-global-color-5)","background-image":"","background-repeat":"repeat","background-position":"center center","background-size":"auto","background-attachment":"scroll","background-type":"","background-media":"","overlay-type":"","overlay-color":"","overlay-opacity":"","overlay-gradient":""}},"footnotes":""},"class_list":["post-2718","page","type-page","status-publish","has-post-thumbnail","hentry"],"acf":[],"yoast_head":"<!-- This site is optimized with the Yoast SEO plugin v25.5 - https:\/\/yoast.com\/wordpress\/plugins\/seo\/ -->\n<title>Izvorska voda - Dubrovnik Republic - Dry Dalmatian Gin<\/title>\n<meta name=\"robots\" content=\"index, follow, max-snippet:-1, max-image-preview:large, max-video-preview:-1\" \/>\n<link rel=\"canonical\" href=\"http:\/\/www.dubrovnik-republic.com\/hr\/blog\/izvorska-voda\/\" \/>\n<meta property=\"og:locale\" content=\"hr_HR\" \/>\n<meta property=\"og:type\" content=\"article\" \/>\n<meta property=\"og:title\" content=\"Izvorska voda - Dubrovnik Republic - Dry Dalmatian Gin\" \/>\n<meta property=\"og:description\" content=\"Iz srca planine&#013; Voda koju koristimo za proizvodnju Dubrovnik Republic d\u017eina dolazi iz najdubljeg kr\u0161kog izvora u Hrvatskoj, ujedno i jednog od pet najdubljih u svijetu \u2013 predivnog tirkiznog jezera okru\u017eenog \u0161umom i strmim liticama planina Plje\u0161evice i Stra\u017ebenice, na 396 metara nadmorske visine.&#013; Ova voda putuje kroz naslage vapnenca iz ranog Trijasko-jurskog doba, kako [&hellip;]\" \/>\n<meta property=\"og:url\" content=\"http:\/\/www.dubrovnik-republic.com\/hr\/blog\/izvorska-voda\/\" \/>\n<meta property=\"og:site_name\" content=\"Dubrovnik Republic - Dry Dalmatian Gin\" \/>\n<meta property=\"article:modified_time\" content=\"2024-07-15T13:59:13+00:00\" \/>\n<meta name=\"twitter:card\" content=\"summary_large_image\" \/>\n<script type=\"application\/ld+json\" class=\"yoast-schema-graph\">{\"@context\":\"https:\/\/schema.org\",\"@graph\":[{\"@type\":\"WebPage\",\"@id\":\"http:\/\/www.dubrovnik-republic.com\/hr\/blog\/izvorska-voda\/\",\"url\":\"http:\/\/www.dubrovnik-republic.com\/hr\/blog\/izvorska-voda\/\",\"name\":\"Izvorska voda - Dubrovnik Republic - Dry Dalmatian Gin\",\"isPartOf\":{\"@id\":\"http:\/\/www.dubrovnik-republic.com\/de\/#website\"},\"primaryImageOfPage\":{\"@id\":\"http:\/\/www.dubrovnik-republic.com\/hr\/blog\/izvorska-voda\/#primaryimage\"},\"image\":{\"@id\":\"http:\/\/www.dubrovnik-republic.com\/hr\/blog\/izvorska-voda\/#primaryimage\"},\"thumbnailUrl\":\"https:\/\/www.dubrovnik-republic.com\/wp-content\/uploads\/2022\/05\/juniper.svg\",\"datePublished\":\"2022-05-15T19:50:57+00:00\",\"dateModified\":\"2024-07-15T13:59:13+00:00\",\"breadcrumb\":{\"@id\":\"http:\/\/www.dubrovnik-republic.com\/hr\/blog\/izvorska-voda\/#breadcrumb\"},\"inLanguage\":\"hr\",\"potentialAction\":[{\"@type\":\"ReadAction\",\"target\":[\"http:\/\/www.dubrovnik-republic.com\/hr\/blog\/izvorska-voda\/\"]}]},{\"@type\":\"ImageObject\",\"inLanguage\":\"hr\",\"@id\":\"http:\/\/www.dubrovnik-republic.com\/hr\/blog\/izvorska-voda\/#primaryimage\",\"url\":\"https:\/\/www.dubrovnik-republic.com\/wp-content\/uploads\/2022\/05\/juniper.svg\",\"contentUrl\":\"https:\/\/www.dubrovnik-republic.com\/wp-content\/uploads\/2022\/05\/juniper.svg\",\"width\":100,\"height\":100},{\"@type\":\"BreadcrumbList\",\"@id\":\"http:\/\/www.dubrovnik-republic.com\/hr\/blog\/izvorska-voda\/#breadcrumb\",\"itemListElement\":[{\"@type\":\"ListItem\",\"position\":1,\"name\":\"Home\",\"item\":\"http:\/\/www.dubrovnik-republic.com\/hr\/\"},{\"@type\":\"ListItem\",\"position\":2,\"name\":\"Blog\",\"item\":\"http:\/\/www.dubrovnik-republic.com\/hr\/blog\/\"},{\"@type\":\"ListItem\",\"position\":3,\"name\":\"Izvorska voda\"}]},{\"@type\":\"WebSite\",\"@id\":\"http:\/\/www.dubrovnik-republic.com\/de\/#website\",\"url\":\"http:\/\/www.dubrovnik-republic.com\/de\/\",\"name\":\"Dubrovnik Republic - Dry Dalmatian Gin\",\"description\":\"Taste Dalmatia in every sip\",\"publisher\":{\"@id\":\"http:\/\/www.dubrovnik-republic.com\/de\/#organization\"},\"potentialAction\":[{\"@type\":\"SearchAction\",\"target\":{\"@type\":\"EntryPoint\",\"urlTemplate\":\"http:\/\/www.dubrovnik-republic.com\/de\/?s={search_term_string}\"},\"query-input\":{\"@type\":\"PropertyValueSpecification\",\"valueRequired\":true,\"valueName\":\"search_term_string\"}}],\"inLanguage\":\"hr\"},{\"@type\":\"Organization\",\"@id\":\"http:\/\/www.dubrovnik-republic.com\/de\/#organization\",\"name\":\"Dubrovnik Republic - Dry Dalmatian Gin\",\"url\":\"http:\/\/www.dubrovnik-republic.com\/de\/\",\"logo\":{\"@type\":\"ImageObject\",\"inLanguage\":\"hr\",\"@id\":\"http:\/\/www.dubrovnik-republic.com\/de\/#\/schema\/logo\/image\/\",\"url\":\"https:\/\/www.dubrovnik-republic.com\/wp-content\/uploads\/2022\/03\/logo-text-vertical-1.svg\",\"contentUrl\":\"https:\/\/www.dubrovnik-republic.com\/wp-content\/uploads\/2022\/03\/logo-text-vertical-1.svg\",\"width\":100,\"height\":100,\"caption\":\"Dubrovnik Republic - Dry Dalmatian Gin\"},\"image\":{\"@id\":\"http:\/\/www.dubrovnik-republic.com\/de\/#\/schema\/logo\/image\/\"}}]}<\/script>\n<!-- \/ Yoast SEO plugin. -->","yoast_head_json":{"title":"Izvorska voda - Dubrovnik Republic - Dry Dalmatian Gin","robots":{"index":"index","follow":"follow","max-snippet":"max-snippet:-1","max-image-preview":"max-image-preview:large","max-video-preview":"max-video-preview:-1"},"canonical":"http:\/\/www.dubrovnik-republic.com\/hr\/blog\/izvorska-voda\/","og_locale":"hr_HR","og_type":"article","og_title":"Izvorska voda - Dubrovnik Republic - Dry Dalmatian Gin","og_description":"Iz srca planine&#13; Voda koju koristimo za proizvodnju Dubrovnik Republic d\u017eina dolazi iz najdubljeg kr\u0161kog izvora u Hrvatskoj, ujedno i jednog od pet najdubljih u svijetu \u2013 predivnog tirkiznog jezera okru\u017eenog \u0161umom i strmim liticama planina Plje\u0161evice i Stra\u017ebenice, na 396 metara nadmorske visine.&#13; Ova voda putuje kroz naslage vapnenca iz ranog Trijasko-jurskog doba, kako [&hellip;]","og_url":"http:\/\/www.dubrovnik-republic.com\/hr\/blog\/izvorska-voda\/","og_site_name":"Dubrovnik Republic - Dry Dalmatian Gin","article_modified_time":"2024-07-15T13:59:13+00:00","twitter_card":"summary_large_image","schema":{"@context":"https:\/\/schema.org","@graph":[{"@type":"WebPage","@id":"http:\/\/www.dubrovnik-republic.com\/hr\/blog\/izvorska-voda\/","url":"http:\/\/www.dubrovnik-republic.com\/hr\/blog\/izvorska-voda\/","name":"Izvorska voda - Dubrovnik Republic - Dry Dalmatian Gin","isPartOf":{"@id":"http:\/\/www.dubrovnik-republic.com\/de\/#website"},"primaryImageOfPage":{"@id":"http:\/\/www.dubrovnik-republic.com\/hr\/blog\/izvorska-voda\/#primaryimage"},"image":{"@id":"http:\/\/www.dubrovnik-republic.com\/hr\/blog\/izvorska-voda\/#primaryimage"},"thumbnailUrl":"https:\/\/www.dubrovnik-republic.com\/wp-content\/uploads\/2022\/05\/juniper.svg","datePublished":"2022-05-15T19:50:57+00:00","dateModified":"2024-07-15T13:59:13+00:00","breadcrumb":{"@id":"http:\/\/www.dubrovnik-republic.com\/hr\/blog\/izvorska-voda\/#breadcrumb"},"inLanguage":"hr","potentialAction":[{"@type":"ReadAction","target":["http:\/\/www.dubrovnik-republic.com\/hr\/blog\/izvorska-voda\/"]}]},{"@type":"ImageObject","inLanguage":"hr","@id":"http:\/\/www.dubrovnik-republic.com\/hr\/blog\/izvorska-voda\/#primaryimage","url":"https:\/\/www.dubrovnik-republic.com\/wp-content\/uploads\/2022\/05\/juniper.svg","contentUrl":"https:\/\/www.dubrovnik-republic.com\/wp-content\/uploads\/2022\/05\/juniper.svg","width":100,"height":100},{"@type":"BreadcrumbList","@id":"http:\/\/www.dubrovnik-republic.com\/hr\/blog\/izvorska-voda\/#breadcrumb","itemListElement":[{"@type":"ListItem","position":1,"name":"Home","item":"http:\/\/www.dubrovnik-republic.com\/hr\/"},{"@type":"ListItem","position":2,"name":"Blog","item":"http:\/\/www.dubrovnik-republic.com\/hr\/blog\/"},{"@type":"ListItem","position":3,"name":"Izvorska voda"}]},{"@type":"WebSite","@id":"http:\/\/www.dubrovnik-republic.com\/de\/#website","url":"http:\/\/www.dubrovnik-republic.com\/de\/","name":"Dubrovnik Republic - Dry Dalmatian Gin","description":"Taste Dalmatia in every sip","publisher":{"@id":"http:\/\/www.dubrovnik-republic.com\/de\/#organization"},"potentialAction":[{"@type":"SearchAction","target":{"@type":"EntryPoint","urlTemplate":"http:\/\/www.dubrovnik-republic.com\/de\/?s={search_term_string}"},"query-input":{"@type":"PropertyValueSpecification","valueRequired":true,"valueName":"search_term_string"}}],"inLanguage":"hr"},{"@type":"Organization","@id":"http:\/\/www.dubrovnik-republic.com\/de\/#organization","name":"Dubrovnik Republic - Dry Dalmatian Gin","url":"http:\/\/www.dubrovnik-republic.com\/de\/","logo":{"@type":"ImageObject","inLanguage":"hr","@id":"http:\/\/www.dubrovnik-republic.com\/de\/#\/schema\/logo\/image\/","url":"https:\/\/www.dubrovnik-republic.com\/wp-content\/uploads\/2022\/03\/logo-text-vertical-1.svg","contentUrl":"https:\/\/www.dubrovnik-republic.com\/wp-content\/uploads\/2022\/03\/logo-text-vertical-1.svg","width":100,"height":100,"caption":"Dubrovnik Republic - Dry Dalmatian Gin"},"image":{"@id":"http:\/\/www.dubrovnik-republic.com\/de\/#\/schema\/logo\/image\/"}}]}},"_links":{"self":[{"href":"https:\/\/www.dubrovnik-republic.com\/hr\/wp-json\/wp\/v2\/pages\/2718","targetHints":{"allow":["GET"]}}],"collection":[{"href":"https:\/\/www.dubrovnik-republic.com\/hr\/wp-json\/wp\/v2\/pages"}],"about":[{"href":"https:\/\/www.dubrovnik-republic.com\/hr\/wp-json\/wp\/v2\/types\/page"}],"author":[{"embeddable":true,"href":"https:\/\/www.dubrovnik-republic.com\/hr\/wp-json\/wp\/v2\/users\/6"}],"replies":[{"embeddable":true,"href":"https:\/\/www.dubrovnik-republic.com\/hr\/wp-json\/wp\/v2\/comments?post=2718"}],"version-history":[{"count":1,"href":"https:\/\/www.dubrovnik-republic.com\/hr\/wp-json\/wp\/v2\/pages\/2718\/revisions"}],"predecessor-version":[{"id":2719,"href":"https:\/\/www.dubrovnik-republic.com\/hr\/wp-json\/wp\/v2\/pages\/2718\/revisions\/2719"}],"up":[{"embeddable":true,"href":"https:\/\/www.dubrovnik-republic.com\/hr\/wp-json\/wp\/v2\/pages\/2706"}],"wp:featuredmedia":[{"embeddable":true,"href":"https:\/\/www.dubrovnik-republic.com\/hr\/wp-json\/wp\/v2\/media\/2639"}],"wp:attachment":[{"href":"https:\/\/www.dubrovnik-republic.com\/hr\/wp-json\/wp\/v2\/media?parent=2718"}],"curies":[{"name":"wp","href":"https:\/\/api.w.org\/{rel}","templated":true}]}}